{"id":323,"date":"2020-02-11T17:04:10","date_gmt":"2020-02-11T17:04:10","guid":{"rendered":"https:\/\/pcm.pomorskie.pl\/?page_id=323"},"modified":"2020-08-06T11:30:50","modified_gmt":"2020-08-06T11:30:50","slug":"szkolenia","status":"publish","type":"page","link":"https:\/\/pcm.pomorskie.pl\/index.php\/szkolenia\/","title":{"rendered":"szkolenia"},"content":{"rendered":"<p>[et_pb_section fb_built=&#8221;1&#8243; custom_padding_last_edited=&#8221;on|phone&#8221; admin_label=&#8221;Header&#8221; _builder_version=&#8221;3.26.5&#8243; use_background_color_gradient=&#8221;on&#8221; background_color_gradient_start=&#8221;#f6f7fa&#8221; background_color_gradient_end=&#8221;rgba(255,255,255,0)&#8221; background_color_gradient_direction=&#8221;90deg&#8221; background_color_gradient_start_position=&#8221;39%&#8221; background_color_gradient_end_position=&#8221;58%&#8221; background_color_gradient_overlays_image=&#8221;on&#8221; background_image=&#8221;https:\/\/pcm.pomorskie.pl\/wp-content\/uploads\/2020\/04\/IMG_6220_1.jpg&#8221; background_position=&#8221;center_right&#8221; custom_margin=&#8221;|||&#8221; custom_padding=&#8221;11vw||11vw||true|false&#8221; custom_padding_tablet=&#8221;||||false|false&#8221; custom_padding_phone=&#8221;||||false|false&#8221; bottom_divider_height=&#8221;14px&#8221; bottom_divider_repeat_tablet=&#8221;14x&#8221; bottom_divider_repeat_phone=&#8221;7x&#8221; bottom_divider_repeat_last_edited=&#8221;on|phone&#8221;][et_pb_row custom_margin=&#8221;|auto||244px||&#8221; _builder_version=&#8221;3.25&#8243;][et_pb_column type=&#8221;4_4&#8243; _builder_version=&#8221;3.25&#8243; custom_padding=&#8221;|||&#8221; custom_padding__hover=&#8221;|||&#8221;][et_pb_text _builder_version=&#8221;3.26.5&#8243; text_font=&#8221;||||||||&#8221; header_font=&#8221;Open Sans||||||||&#8221; header_font_size=&#8221;50px&#8221; header_line_height=&#8221;1.4em&#8221; header_2_font=&#8221;||||||||&#8221; header_2_text_color=&#8221;rgba(0,0,0,0.35)&#8221; header_2_font_size=&#8221;20px&#8221; header_2_line_height=&#8221;1.6em&#8221; max_width=&#8221;500px&#8221; custom_margin=&#8221;|||-69px||&#8221; animation_style=&#8221;slide&#8221; animation_direction=&#8221;bottom&#8221; header_font_size_tablet=&#8221;35px&#8221; header_font_size_phone=&#8221;25px&#8221; header_font_size_last_edited=&#8221;on|desktop&#8221;]<\/p>\n<h1>Szkolenia<\/h1>\n<p>[\/et_pb_text][\/et_pb_column][\/et_pb_row][\/et_pb_section][et_pb_section fb_built=&#8221;1&#8243; _builder_version=&#8221;3.26.5&#8243; custom_padding=&#8221;||0px|||&#8221;][et_pb_row column_structure=&#8221;1_2,1_2&#8243; custom_padding=&#8221;||0px|||&#8221; _builder_version=&#8221;3.26.5&#8243; width=&#8221;100%&#8221; max_width=&#8221;2560px&#8221;][et_pb_column type=&#8221;1_2&#8243; _builder_version=&#8221;3.26.5&#8243;][et_pb_image src=&#8221;https:\/\/pcm.pomorskie.pl\/wp-content\/uploads\/2020\/02\/dylan-gillis-KdeqA3aTnBY-unsplash-scaled.jpg&#8221; _builder_version=&#8221;3.26.5&#8243; box_shadow_style=&#8221;preset1&#8243; custom_margin=&#8221;|0px|||false|false&#8221;][\/et_pb_image][\/et_pb_column][et_pb_column type=&#8221;1_2&#8243; _builder_version=&#8221;3.26.5&#8243;][et_pb_text _builder_version=&#8221;3.26.5&#8243; text_text_align=&#8221;justify&#8221; text_font_size=&#8221;16px&#8221; custom_padding=&#8221;|60px||0px|false|false&#8221;]<\/p>\n<p textrwdproperties=\"{&quot;rwdMode_1&quot;:{&quot;fontSize&quot;:&quot;20px&quot;,&quot;lineHeight&quot;:&quot;24px&quot;,&quot;textAlign&quot;:&quot;&quot;}}\"><span><strong>Szkolenie<\/strong>\u00a0to w pedagogice nauczanie prostych umiej\u0119tno\u015bci i nawyk\u00f3w praktycznych,<\/span><\/p>\n<p><span>wymagaj\u0105cych minimalnego przygotowania teoretycznego, np.: nauczenie kogo\u015b prostych umiej\u0119tno\u015bci rzemie\u015blniczych, czynno\u015bci obs\u0142ugiwania urz\u0105dze\u0144 i prostych maszyn.<\/span><\/p>\n<p><span>W uj\u0119ciu s\u0142ownikowym szkolenie to cykl wyk\u0142ad\u00f3w po\u015bwi\u0119conych sprecyzowanemu tematowi, kt\u00f3rego g\u0142\u00f3wnym celem jest uzupe\u0142nienie czyjego\u015b wykszta\u0142cenia, zdobycie wiedzy, albo uzupe\u0142nienie i doskonalenie umiej\u0119tno\u015bci i kwalifikacji zawodowych.<\/span><\/p>\n<p><span><\/span><\/p>\n<div id=\"element_285\" data-element-type=\"text\" class=\"ww_element\" fixed=\"false\" fullwidth=\"false\" data-positionorigin=\"pageTopLeft\">\n<div id=\"element_285_content\" class=\"content text_content\">\n<div class=\"ww_text_wrapper forceLineHeight wwTextContent\">\n<p textrwdproperties=\"{&quot;rwdMode_1&quot;:{&quot;fontSize&quot;:&quot;20px&quot;,&quot;lineHeight&quot;:&quot;24px&quot;,&quot;textAlign&quot;:&quot;&quot;}}\"><span><strong><br \/>&#8222;Optymalne po\u0142\u0105czenie seminarium z prezentacj\u0105 ofert i narz\u0119dzi systemowych daje zawsze dobry wynik ko\u0144cowy jako tandem &#8222;<\/strong><\/span><\/p>\n<\/div>\n<\/div>\n<\/div>\n<div id=\"element_286\" data-element-type=\"text\" class=\"ww_element\" fixed=\"false\" fullwidth=\"false\" data-positionorigin=\"pageTopLeft\">\n<div id=\"element_286_content\" class=\"content text_content\">\n<div class=\"ww_text_wrapper forceLineHeight wwTextContent\">\n<p><span>Dzia\u0142 Szkole\u0144<\/span><\/p>\n<\/div>\n<\/div>\n<\/div>\n<p>[\/et_pb_text][\/et_pb_column][\/et_pb_row][et_pb_row column_structure=&#8221;1_2,1_2&#8243; custom_margin=&#8221;|0px||0px|false|false&#8221; _builder_version=&#8221;3.26.5&#8243; width=&#8221;100%&#8221; max_width=&#8221;2560px&#8221;][et_pb_column type=&#8221;1_2&#8243; _builder_version=&#8221;3.26.5&#8243;][et_pb_text _builder_version=&#8221;3.26.5&#8243; text_font_size=&#8221;16px&#8221; custom_padding=&#8221;|40px||60px|false|false&#8221;]<\/p>\n<div id=\"element_229\" data-element-type=\"img\" class=\"ww_element\" fixed=\"false\" fullwidth=\"true\" data-positionorigin=\"pageTopLeft\">\n<div id=\"element_229_content\" class=\"content \">\n<div class=\"ww_image_wrapper\">\n<p textrwdproperties=\"{&quot;rwdMode_1&quot;:{&quot;fontSize&quot;:&quot;20px&quot;,&quot;lineHeight&quot;:&quot;24px&quot;,&quot;textAlign&quot;:&quot;&quot;}}\"><span><strong>Nasz dzia\u0142 szkoleniowy oferuje szkolenia z zakresu:<\/strong><\/span><\/p>\n<ul>\n<li textrwdproperties=\"{&quot;rwdMode_1&quot;:{&quot;fontSize&quot;:&quot;&quot;,&quot;lineHeight&quot;:&quot;&quot;,&quot;textAlign&quot;:&quot;justify&quot;}}\"><span>obs\u0142ugi Urz\u0105dze\u0144 Transportu Bliskiego<\/span><\/li>\n<li textrwdproperties=\"{&quot;rwdMode_1&quot;:{&quot;fontSize&quot;:&quot;&quot;,&quot;lineHeight&quot;:&quot;&quot;,&quot;textAlign&quot;:&quot;justify&quot;}}\"><span>konserwacji Urz\u0105dze\u0144 Transportu Bliskiego<\/span><\/li>\n<li textrwdproperties=\"{&quot;rwdMode_1&quot;:{&quot;fontSize&quot;:&quot;&quot;,&quot;lineHeight&quot;:&quot;&quot;,&quot;textAlign&quot;:&quot;justify&quot;}}\"><span>uprawnie\u0144 SEP eksploatacyjnych<\/span><\/li>\n<li textrwdproperties=\"{&quot;rwdMode_1&quot;:{&quot;fontSize&quot;:&quot;&quot;,&quot;lineHeight&quot;:&quot;&quot;,&quot;textAlign&quot;:&quot;justify&quot;}}\"><span>uprawnie\u0144 SEP dozorowych<\/span><\/li>\n<li textrwdproperties=\"{&quot;rwdMode_1&quot;:{&quot;fontSize&quot;:&quot;&quot;,&quot;lineHeight&quot;:&quot;&quot;,&quot;textAlign&quot;:&quot;justify&quot;}}\"><span>szacowania rzeczywistych eksploatacyjnych grup nat\u0119\u017cenia pracy UTB<\/span><\/li>\n<li textrwdproperties=\"{&quot;rwdMode_1&quot;:{&quot;fontSize&quot;:&quot;&quot;,&quot;lineHeight&quot;:&quot;&quot;,&quot;textAlign&quot;:&quot;justify&quot;}}\"><span>kalkulacji stopnia wykorzystania resursu UTB<\/span><\/li>\n<\/ul>\n<p><span style=\"font-size: 14px;\"><\/span><\/p>\n<\/div>\n<\/div>\n<\/div>\n<div id=\"element_231\" data-element-type=\"menu\" class=\"ww_element\" fixed=\"false\" fullwidth=\"false\" data-positionorigin=\"pageTopLeft\">\n<div id=\"element_231_content\" class=\"content ww_menu_content\">\n<div class=\"ww_menu_content_wrapper ww_left ww_middle\" data-ww_rwd=\"{&quot;class&quot;:{&quot;rwdMode_1&quot;:&quot;ww_menu_content_wrapper ww_left ww_middle&quot;}}\" data-mobile-menu-size=\"\" data-mobile-menu-position=\"\">\n<nav itemscope=\"\" itemtype=\"http:\/\/schema.org\/SiteNavigationElement\"><a class=\"ww_menu_item_link ww_element_231_menu_level0\" target=\"_self\" pageid=\"webpage_24\" href=\"https:\/\/pcd.pomorskie.pl\/certyfikacja-obciazen\" style=\"font-size: 14px;\" rel=\"noopener noreferrer\"><\/a><\/p>\n<p>&nbsp;<\/p>\n<\/nav>\n<\/div>\n<\/div>\n<\/div>\n<div id=\"element_232\" data-element-type=\"text\" class=\"ww_element\" fixed=\"false\" fullwidth=\"false\" data-positionorigin=\"pageTopLeft\">\n<div id=\"element_232_content\" class=\"content text_content\">\n<div class=\"ww_text_wrapper forceLineHeight wwTextContent\">\n<p textrwdproperties=\"{&quot;rwdMode_1&quot;:{&quot;fontSize&quot;:&quot;20px&quot;,&quot;lineHeight&quot;:&quot;24px&quot;,&quot;textAlign&quot;:&quot;justify&quot;}}\"><strong><span>Zaj\u0119cia prowadzone s\u0105 zgodnie z wymogami urz\u0119d\u00f3w dozoru i podzielone s\u0105 na dwie cz\u0119\u015bci:<\/span><\/strong><\/p>\n<ul>\n<li textrwdproperties=\"{&quot;rwdMode_1&quot;:{&quot;fontSize&quot;:&quot;&quot;,&quot;lineHeight&quot;:&quot;&quot;,&quot;textAlign&quot;:&quot;justify&quot;}}\"><span>teoretyczn\u0105<\/span><\/li>\n<li textrwdproperties=\"{&quot;rwdMode_1&quot;:{&quot;fontSize&quot;:&quot;&quot;,&quot;lineHeight&quot;:&quot;&quot;,&quot;textAlign&quot;:&quot;justify&quot;}}\"><span>praktyczn\u0105 (\u0107wiczeniow\u0105 na konkretnym urz\u0105dzeniu danej kategorii)<\/span><\/li>\n<\/ul>\n<p textrwdproperties=\"{&quot;rwdMode_1&quot;:{&quot;fontSize&quot;:&quot;&quot;,&quot;lineHeight&quot;:&quot;&quot;,&quot;textAlign&quot;:&quot;justify&quot;}}\"><span>Prowadzone przez nas szkolenia w pe\u0142ni przygotowuj\u0105 do odbycia egzaminu Pa\u0144stwowego, kt\u00f3ry odbywa si\u0119 przed komisj\u0105 sk\u0142adaj\u0105c\u0105 si\u0119 z cz\u0142onk\u00f3w Urz\u0119du. Egzamin sk\u0142ada si\u0119 z cz\u0119\u015bci pisemnej testowej oraz ustnej, po zaliczeniu tej cz\u0119\u015bci dopiero odbywa si\u0119 cz\u0119\u015b\u0107 praktyczna.<\/span><\/p>\n<\/div>\n<\/div>\n<\/div>\n<p>[\/et_pb_text][\/et_pb_column][et_pb_column type=&#8221;1_2&#8243; _builder_version=&#8221;3.26.5&#8243;][et_pb_image src=&#8221;https:\/\/pcm.pomorskie.pl\/wp-content\/uploads\/2020\/02\/helloquence-5fNmWej4tAA-unsplash-scaled.jpg&#8221; _builder_version=&#8221;3.26.5&#8243; box_shadow_style=&#8221;preset1&#8243; custom_margin=&#8221;0px|||0px|false|false&#8221;][\/et_pb_image][\/et_pb_column][\/et_pb_row][et_pb_row _builder_version=&#8221;3.26.5&#8243;][et_pb_column type=&#8221;4_4&#8243; _builder_version=&#8221;3.26.5&#8243;][et_pb_text _builder_version=&#8221;3.26.5&#8243;]<\/p>\n<p><strong><span>PONI\u017bEJ PRZEDSTAWIAMY KATEGORIE UPRAWNIE\u0143 UDT:<\/span><\/strong><\/p>\n<p>[\/et_pb_text][\/et_pb_column][\/et_pb_row][et_pb_row _builder_version=&#8221;3.26.5&#8243;][et_pb_column type=&#8221;4_4&#8243; _builder_version=&#8221;3.26.5&#8243;][et_pb_gallery gallery_ids=&#8221;693,694,695,696,697,698,699,700&#8243; posts_number=&#8221;8&#8243; show_title_and_caption=&#8221;off&#8221; show_pagination=&#8221;off&#8221; _builder_version=&#8221;3.26.5&#8243;][\/et_pb_gallery][\/et_pb_column][\/et_pb_row][\/et_pb_section][et_pb_section fb_built=&#8221;1&#8243; _builder_version=&#8221;3.26.5&#8243; custom_padding=&#8221;||0px|||&#8221;][et_pb_row _builder_version=&#8221;3.26.5&#8243;][et_pb_column type=&#8221;4_4&#8243; _builder_version=&#8221;3.26.5&#8243;][dsm_text_divider header=&#8221;Cena szkolenia obejmuje&#8221; color=&#8221;#0c71c3&#8243; _builder_version=&#8221;3.26.5&#8243; header_font=&#8221;Titillium Web||||||||&#8221; header_font_size=&#8221;30px&#8221;][\/dsm_text_divider][\/et_pb_column][\/et_pb_row][et_pb_row column_structure=&#8221;1_3,1_3,1_3&#8243; _builder_version=&#8221;3.26.5&#8243;][et_pb_column type=&#8221;1_3&#8243; _builder_version=&#8221;3.26.5&#8243;][et_pb_blurb title=&#8221;Materia\u0142y ze szkolenia &#8221; image=&#8221;https:\/\/pcm.pomorskie.pl\/wp-content\/uploads\/2020\/02\/report-2.png&#8221; _builder_version=&#8221;3.26.5&#8243; header_text_align=&#8221;center&#8221;][\/et_pb_blurb][\/et_pb_column][et_pb_column type=&#8221;1_3&#8243; _builder_version=&#8221;3.26.5&#8243;][et_pb_blurb title=&#8221;Certyfikat zgodny z wzorcem Ministerstwa Edukacji Narodowej&#8221; image=&#8221;https:\/\/pcm.pomorskie.pl\/wp-content\/uploads\/2020\/02\/patent.png&#8221; _builder_version=&#8221;3.26.5&#8243; header_text_align=&#8221;center&#8221;][\/et_pb_blurb][\/et_pb_column][et_pb_column type=&#8221;1_3&#8243; _builder_version=&#8221;3.26.5&#8243;][et_pb_blurb title=&#8221;mo\u017cliwo\u015b\u0107 uzyskania bezp\u0142atnych konsultacji  po zako\u0144czonym szkoleniu&#8221; image=&#8221;https:\/\/pcm.pomorskie.pl\/wp-content\/uploads\/2020\/02\/mentor.png&#8221; _builder_version=&#8221;3.26.5&#8243; header_text_align=&#8221;center&#8221;][\/et_pb_blurb][\/et_pb_column][\/et_pb_row][et_pb_row column_structure=&#8221;1_3,1_3,1_3&#8243; _builder_version=&#8221;3.26.5&#8243;][et_pb_column type=&#8221;1_3&#8243; _builder_version=&#8221;3.26.5&#8243;][et_pb_blurb title=&#8221;Przerwy kawowe i s\u0142odki pocz\u0119stunek&#8221; image=&#8221;https:\/\/pcm.pomorskie.pl\/wp-content\/uploads\/2020\/02\/coffee.png&#8221; _builder_version=&#8221;3.26.5&#8243; header_text_align=&#8221;center&#8221;][\/et_pb_blurb][\/et_pb_column][et_pb_column type=&#8221;1_3&#8243; _builder_version=&#8221;3.26.5&#8243;][et_pb_blurb title=&#8221;Mo\u017cliwo\u015b\u0107 zapewnienia wy\u017cywienia w przypadku szkole\u0144 kilku dniowych&#8221; image=&#8221;https:\/\/pcm.pomorskie.pl\/wp-content\/uploads\/2020\/02\/dinner.png&#8221; _builder_version=&#8221;3.26.5&#8243; header_text_align=&#8221;center&#8221;][\/et_pb_blurb][\/et_pb_column][et_pb_column type=&#8221;1_3&#8243; _builder_version=&#8221;3.26.5&#8243;][et_pb_blurb title=&#8221;Zapewnienie bezp\u0142atnego transferu z lotniska, dworca do hotelu i miejsca szkolenia&#8221; image=&#8221;https:\/\/pcm.pomorskie.pl\/wp-content\/uploads\/2020\/02\/car.png&#8221; _builder_version=&#8221;3.26.5&#8243; header_text_align=&#8221;center&#8221;][\/et_pb_blurb][\/et_pb_column][\/et_pb_row][\/et_pb_section][et_pb_section fb_built=&#8221;1&#8243; _builder_version=&#8221;3.26.5&#8243; custom_padding=&#8221;0px|||||&#8221;][et_pb_row _builder_version=&#8221;3.26.5&#8243;][et_pb_column type=&#8221;4_4&#8243; _builder_version=&#8221;3.26.5&#8243;][et_pb_text _builder_version=&#8221;3.26.5&#8243;]<\/p>\n<p textrwdproperties=\"{&quot;rwdMode_1&quot;:{&quot;fontSize&quot;:&quot;20px&quot;,&quot;lineHeight&quot;:&quot;24px&quot;,&quot;textAlign&quot;:&quot;justify&quot;}}\"><span><strong>W zakresie szkole\u0144 i egzamin\u00f3w wsp\u00f3\u0142pracujemy z takimi instytucjami jak:<\/strong><\/span><\/p>\n<p textrwdproperties=\"{&quot;rwdMode_1&quot;:{&quot;fontSize&quot;:&quot;&quot;,&quot;lineHeight&quot;:&quot;&quot;,&quot;textAlign&quot;:&quot;justify&quot;}}\"><span>Urz\u0105d Dozoru Technicznego, Transportowy Doz\u00f3r Techniczny i Stowarzyszenie Elektryk\u00f3w Polskich. Wsp\u00f3lnie z Inspektorami w\/w instytucji przygotowujemy indywidualne programy nauczania a nast\u0119pnie organizujemy egzaminy.<\/span><\/p>\n<p textrwdproperties=\"{&quot;rwdMode_1&quot;:{&quot;fontSize&quot;:&quot;&quot;,&quot;lineHeight&quot;:&quot;&quot;,&quot;textAlign&quot;:&quot;justify&quot;}}\"><span>Zale\u017cy nam na tym, aby naucza\u0107 na wysokim poziomie, dlatego zapewniamy komfortowe warunki nauczania, nowoczesne zaplecze oraz k\u0142adziemy du\u017cy nacisk na praktyk\u0119 co w ostateczno\u015bci dzi\u0119ki informacjom zbieranym na podstawie anonimowych ankiet przek\u0142ada si\u0119 na 99% pozytywny wyniki egzamin\u00f3w naszych kursant\u00f3w oraz 98% poziom zadowolenia.<\/span><\/p>\n<p textrwdproperties=\"{&quot;rwdMode_1&quot;:{&quot;fontSize&quot;:&quot;&quot;,&quot;lineHeight&quot;:&quot;&quot;,&quot;textAlign&quot;:&quot;justify&quot;}}\">\n<p textrwdproperties=\"{&quot;rwdMode_1&quot;:{&quot;fontSize&quot;:&quot;&quot;,&quot;lineHeight&quot;:&quot;&quot;,&quot;textAlign&quot;:&quot;justify&quot;}}\"><span>Wi\u0119c je\u017celi potrzebujesz profesjonalnej pomocy w przeszkoleniu swoich pracownik\u00f3w lub po prostu chcesz podnie\u015b\u0107 swoje kwalifikacj\u0119 i pozycj\u0119 na rynku pracy, sprawd\u017a nas i nasz\u0105 ofert\u0119 w tym zakresie. Wybierz dogodny termin i zapisz si\u0119 na zaj\u0119cia. W razie jakichkolwiek pyta\u0144 nasi konsultanci i pracownicy pozostaj\u0105 do Pa\u0144stwa dyspozycji.<\/span><\/p>\n<p textrwdproperties=\"{&quot;rwdMode_1&quot;:{&quot;fontSize&quot;:&quot;&quot;,&quot;lineHeight&quot;:&quot;&quot;,&quot;textAlign&quot;:&quot;justify&quot;}}\">\n<p textrwdproperties=\"{&quot;rwdMode_1&quot;:{&quot;fontSize&quot;:&quot;&quot;,&quot;lineHeight&quot;:&quot;&quot;,&quot;textAlign&quot;:&quot;justify&quot;}}\">\n<p textrwdproperties=\"{&quot;rwdMode_1&quot;:{&quot;fontSize&quot;:&quot;&quot;,&quot;lineHeight&quot;:&quot;&quot;,&quot;textAlign&quot;:&quot;justify&quot;}}\"><span>Serdecznie Zapraszamy<\/span><\/p>\n<p>[\/et_pb_text][\/et_pb_column][\/et_pb_row][\/et_pb_section][et_pb_section fb_built=&#8221;1&#8243; _builder_version=&#8221;3.26.5&#8243; background_color=&#8221;#dddddd&#8221; custom_margin=&#8221;29px|||||&#8221; custom_padding=&#8221;2px|||||&#8221; global_module=&#8221;250&#8243; saved_tabs=&#8221;all&#8221;][et_pb_row _builder_version=&#8221;3.26.5&#8243;][et_pb_column type=&#8221;4_4&#8243; _builder_version=&#8221;3.26.5&#8243;][dsm_text_divider header=&#8221;Skontaktuj si\u0119 z nami&#8221; color=&#8221;#0c71c3&#8243; _builder_version=&#8221;3.26.5&#8243; header_font=&#8221;Titillium Web||||||||&#8221; header_font_size=&#8221;30px&#8221;][\/dsm_text_divider][\/et_pb_column][\/et_pb_row][et_pb_row column_structure=&#8221;1_2,1_2&#8243; _builder_version=&#8221;3.26.5&#8243; width=&#8221;90%&#8221; max_width=&#8221;2560px&#8221;][et_pb_column type=&#8221;1_2&#8243; _builder_version=&#8221;3.26.5&#8243;][et_pb_text _builder_version=&#8221;3.26.5&#8243; text_text_color=&#8221;#000000&#8243; header_text_color=&#8221;#FFFFFF&#8221;]<\/p>\n<p><span style=\"color: #0c71c3; font-size: 22px;\"><strong>Pomorskie Centrum D\u017awignicowe<\/strong><\/span><\/p>\n<div id=\"element_43\" data-element-type=\"text\" class=\"ww_element\" groupid=\"footerGroupLayer_pl\" fixed=\"false\" fullwidth=\"false\" data-positionorigin=\"pageTopLeft\">\n<div id=\"element_43_content\" class=\"content text_content\">\n<div class=\"ww_text_wrapper forceLineHeight wwTextContent\">\n<h3><span style=\"color: #0c71c3;\"><strong>Podmiot o<\/strong><strong style=\"font-size: 22px;\">dpowiedzialny<\/strong><\/span><\/h3>\n<p><span style=\"font-size: 14px;\">GRUPA Pomorskie Centrum Sp. z\u00a0o.o<\/span><\/p>\n<p><span>Teren Gda\u0144skiego Parku Naukowo-Technologicznego\u00a0<\/span><\/p>\n<p><span>Budynek B\u00a0<\/span><\/p>\n<p><span>ul. Trzy Lipy 3<\/span><\/p>\n<p><span>80-172 Gda\u0144sk<\/span><\/p>\n<\/div>\n<\/div>\n<\/div>\n<div id=\"element_44\" data-element-type=\"text\" class=\"ww_element\" groupid=\"footerGroupLayer_pl\" fixed=\"false\" fullwidth=\"false\" data-positionorigin=\"pageTopLeft\">\n<div id=\"element_44_content\" class=\"content text_content\">\n<div class=\"ww_text_wrapper forceLineHeight wwTextContent\">\n<h3><strong><span><\/span><\/strong><\/h3>\n<h3><span style=\"color: #0c71c3;\"><strong>Dane firmy:<\/strong><\/span><\/h3>\n<p><span>KRS: 0000518740 | REGON: 222136851 | NIP: 957 107 47 17<\/span><\/p>\n<\/div>\n<\/div>\n<\/div>\n<div id=\"element_45\" data-element-type=\"googleMaps\" class=\"ww_element\" groupid=\"footerGroupLayer_pl\" fixed=\"false\" fullwidth=\"false\" data-positionorigin=\"pageTopLeft\">\n<div id=\"element_45_content\" class=\"content ww_googleMaps_content\">\n<div class=\"ww_googleMaps_element\"><strong style=\"color: #333333; font-size: 22px;\"><\/strong><\/div>\n<div class=\"ww_googleMaps_element\"><strong style=\"color: #333333; font-size: 22px;\"><\/strong><\/div>\n<div class=\"ww_googleMaps_element\"><strong style=\"color: #333333; font-size: 22px;\"><\/strong><\/div>\n<div class=\"ww_googleMaps_element\"><strong style=\"color: #333333; font-size: 22px;\"><\/strong><\/div>\n<div class=\"ww_googleMaps_element\"><strong style=\"color: #333333; font-size: 22px;\"><\/strong><\/div>\n<div class=\"ww_googleMaps_element\"><strong style=\"color: #333333; font-size: 22px;\"><\/strong><\/div>\n<div class=\"ww_googleMaps_element\"><strong style=\"color: #333333; font-size: 22px;\"><\/strong><\/div>\n<div class=\"ww_googleMaps_element\"><strong style=\"color: #333333; font-size: 22px;\"><br \/> <span style=\"color: #0c71c3;\">Ko<\/span><\/strong><span style=\"color: #0c71c3; font-size: 22px;\"><strong>ntakt<br \/> <\/strong><\/span><span style=\"font-size: 14px;\">Infolinia:\u00a0<\/span><strong style=\"font-size: 14px;\"><a href=\"tel:583804441\" class=\"custom_link\">58 380 44 40<\/a>\u00a0<\/strong><span style=\"font-size: 14px;\">E-mail:<\/span><a href=\"mailto:%20grupa@pomorskiecentrum.eu\" class=\"custom_link\" style=\"font-size: 14px;\">\u00a0<strong>grupa@pomorskiecentrum.eu<\/strong><\/a><\/div>\n<\/div>\n<\/div>\n<div id=\"element_46\" data-element-type=\"text\" class=\"ww_element\" groupid=\"footerGroupLayer_pl\" fixed=\"false\" fullwidth=\"false\" data-positionorigin=\"pageTopLeft\">\n<div id=\"element_46_content\" class=\"content text_content\">\n<div class=\"ww_text_wrapper forceLineHeight wwTextContent\">\n<p>&nbsp;<\/p>\n<p><span>Copyright \u00a9 2019 GRUPA Pomorskie Centrum Sp\u00f3\u0142ka z o.o.<\/span><\/p>\n<\/div>\n<\/div>\n<\/div>\n<p>[\/et_pb_text][\/et_pb_column][et_pb_column type=&#8221;1_2&#8243; _builder_version=&#8221;3.26.5&#8243;][et_pb_map _builder_version=&#8221;3.26.5&#8243;][\/et_pb_map][\/et_pb_column][\/et_pb_row][\/et_pb_section]<\/p>\n","protected":false},"excerpt":{"rendered":"<p>[et_pb_section fb_built=&#8221;1&#8243; custom_padding_last_edited=&#8221;on|phone&#8221; admin_label=&#8221;Header&#8221; _builder_version=&#8221;3.26.5&#8243; use_background_color_gradient=&#8221;on&#8221; background_color_gradient_start=&#8221;#f6f7fa&#8221; background_color_gradient_end=&#8221;rgba(255,255,255,0)&#8221; background_color_gradient_direction=&#8221;90deg&#8221; background_color_gradient_start_position=&#8221;39%&#8221; background_color_gradient_end_position=&#8221;58%&#8221; background_color_gradient_overlays_image=&#8221;on&#8221; background_image=&#8221;https:\/\/pcm.pomorskie.pl\/wp-content\/uploads\/2020\/04\/IMG_6220_1.jpg&#8221; background_position=&#8221;center_right&#8221; custom_margin=&#8221;|||&#8221; custom_padding=&#8221;11vw||11vw||true|false&#8221; custom_padding_tablet=&#8221;||||false|false&#8221; custom_padding_phone=&#8221;||||false|false&#8221; bottom_divider_height=&#8221;14px&#8221; bottom_divider_repeat_tablet=&#8221;14x&#8221; bottom_divider_repeat_phone=&#8221;7x&#8221; bottom_divider_repeat_last_edited=&#8221;on|phone&#8221;][et_pb_row custom_margin=&#8221;|auto||244px||&#8221; _builder_version=&#8221;3.25&#8243;][et_pb_column type=&#8221;4_4&#8243; _builder_version=&#8221;3.25&#8243; custom_padding=&#8221;|||&#8221; custom_padding__hover=&#8221;|||&#8221;][et_pb_text _builder_version=&#8221;3.26.5&#8243; text_font=&#8221;||||||||&#8221; header_font=&#8221;Open Sans||||||||&#8221; header_font_size=&#8221;50px&#8221; header_line_height=&#8221;1.4em&#8221; header_2_font=&#8221;||||||||&#8221; header_2_text_color=&#8221;rgba(0,0,0,0.35)&#8221; header_2_font_size=&#8221;20px&#8221; header_2_line_height=&#8221;1.6em&#8221; max_width=&#8221;500px&#8221; custom_margin=&#8221;|||-69px||&#8221; animation_style=&#8221;slide&#8221; animation_direction=&#8221;bottom&#8221; header_font_size_tablet=&#8221;35px&#8221; header_font_size_phone=&#8221;25px&#8221; header_font_size_last_edited=&#8221;on|desktop&#8221;] Szkolenia [\/et_pb_text][\/et_pb_column][\/et_pb_row][\/et_pb_section][et_pb_section fb_built=&#8221;1&#8243; _builder_version=&#8221;3.26.5&#8243; custom_padding=&#8221;||0px|||&#8221;][et_pb_row column_structure=&#8221;1_2,1_2&#8243; custom_padding=&#8221;||0px|||&#8221; _builder_version=&#8221;3.26.5&#8243; width=&#8221;100%&#8221; max_width=&#8221;2560px&#8221;][et_pb_column [&hellip;]<\/p>\n","protected":false},"author":1,"featured_media":0,"parent":0,"menu_order":0,"comment_status":"closed","ping_status":"closed","template":"","meta":{"_et_pb_use_builder":"on","_et_pb_old_content":"","_et_gb_content_width":""},"_links":{"self":[{"href":"https:\/\/pcm.pomorskie.pl\/index.php\/wp-json\/wp\/v2\/pages\/323"}],"collection":[{"href":"https:\/\/pcm.pomorskie.pl\/index.php\/wp-json\/wp\/v2\/pages"}],"about":[{"href":"https:\/\/pcm.pomorskie.pl\/index.php\/wp-json\/wp\/v2\/types\/page"}],"author":[{"embeddable":true,"href":"https:\/\/pcm.pomorskie.pl\/index.php\/wp-json\/wp\/v2\/users\/1"}],"replies":[{"embeddable":true,"href":"https:\/\/pcm.pomorskie.pl\/index.php\/wp-json\/wp\/v2\/comments?post=323"}],"version-history":[{"count":18,"href":"https:\/\/pcm.pomorskie.pl\/index.php\/wp-json\/wp\/v2\/pages\/323\/revisions"}],"predecessor-version":[{"id":1209,"href":"https:\/\/pcm.pomorskie.pl\/index.php\/wp-json\/wp\/v2\/pages\/323\/revisions\/1209"}],"wp:attachment":[{"href":"https:\/\/pcm.pomorskie.pl\/index.php\/wp-json\/wp\/v2\/media?parent=323"}],"curies":[{"name":"wp","href":"https:\/\/api.w.org\/{rel}","templated":true}]}}